{"id":36332,"date":"2024-04-05T16:45:52","date_gmt":"2024-04-05T13:45:52","guid":{"rendered":"https:\/\/loonari.com\/?post_type=product&#038;p=36332"},"modified":"2025-01-22T12:13:49","modified_gmt":"2025-01-22T09:13:49","slug":"womens-top","status":"publish","type":"product","link":"https:\/\/loonari.com\/it\/prodotto\/womens-top\/","title":{"rendered":"Liaria Women&#8217;s Top"},"content":{"rendered":"<p>Realizzato con materiali di altissima qualit\u00e0, questo top \u00e8 composto da un mix di lana vergine e cashmere, due dei filati pi\u00f9 ricercati nel mondo della moda. La lana vergine \u00e8 apprezzata per la sua morbidezza e il suo calore, mentre il cashmere \u00e8 noto per la sua texture setosa e la sua raffinata morbidezza.<\/p>\n<p>80% Lana Vergine 20% cashmere<\/p>","protected":false},"excerpt":{"rendered":"<p>Realizzato con materiali di altissima qualit\u00e0, questo top \u00e8 composto da un mix di lana vergine e cashmere, due dei filati pi\u00f9 ricercati nel mondo della moda. La lana vergine \u00e8 apprezzata per la sua morbidezza e il suo calore, mentre il cashmere \u00e8 noto per la sua texture setosa e la sua raffinata morbidezza.<\/p>\n<p>80% Lana Vergine 20% cashmere<\/p>","protected":false},"featured_media":36333,"comment_status":"open","ping_status":"closed","template":"","meta":{"_monsterinsights_skip_tracking":false,"_monsterinsights_sitenote_active":false,"_monsterinsights_sitenote_note":"","_monsterinsights_sitenote_category":0},"product_brand":[],"product_cat":[265,153,147,78],"product_tag":[],"class_list":{"0":"post-36332","1":"product","2":"type-product","3":"status-publish","4":"has-post-thumbnail","6":"product_cat-fallwinter","7":"product_cat-new-in","8":"product_cat-t-shirts-tops","9":"product_cat-women","10":"qodef-position--below","12":"first","13":"instock","14":"shipping-taxable","15":"product-type-variable"},"acf":[],"aioseo_notices":[],"_links":{"self":[{"href":"https:\/\/loonari.com\/it\/wp-json\/wp\/v2\/product\/36332","targetHints":{"allow":["GET"]}}],"collection":[{"href":"https:\/\/loonari.com\/it\/wp-json\/wp\/v2\/product"}],"about":[{"href":"https:\/\/loonari.com\/it\/wp-json\/wp\/v2\/types\/product"}],"replies":[{"embeddable":true,"href":"https:\/\/loonari.com\/it\/wp-json\/wp\/v2\/comments?post=36332"}],"version-history":[{"count":2,"href":"https:\/\/loonari.com\/it\/wp-json\/wp\/v2\/product\/36332\/revisions"}],"predecessor-version":[{"id":37648,"href":"https:\/\/loonari.com\/it\/wp-json\/wp\/v2\/product\/36332\/revisions\/37648"}],"wp:featuredmedia":[{"embeddable":true,"href":"https:\/\/loonari.com\/it\/wp-json\/wp\/v2\/media\/36333"}],"wp:attachment":[{"href":"https:\/\/loonari.com\/it\/wp-json\/wp\/v2\/media?parent=36332"}],"wp:term":[{"taxonomy":"product_brand","embeddable":true,"href":"https:\/\/loonari.com\/it\/wp-json\/wp\/v2\/product_brand?post=36332"},{"taxonomy":"product_cat","embeddable":true,"href":"https:\/\/loonari.com\/it\/wp-json\/wp\/v2\/product_cat?post=36332"},{"taxonomy":"product_tag","embeddable":true,"href":"https:\/\/loonari.com\/it\/wp-json\/wp\/v2\/product_tag?post=36332"}],"curies":[{"name":"wp","href":"https:\/\/api.w.org\/{rel}","templated":true}]}}