{"id":29622,"date":"2021-10-20T08:22:21","date_gmt":"2021-10-20T05:22:21","guid":{"rendered":"https:\/\/wp.the4.co\/zero\/?post_type=product&#038;p=29622"},"modified":"2026-02-24T13:51:56","modified_gmt":"2026-02-24T10:51:56","slug":"product-name-1","status":"publish","type":"product","link":"https:\/\/loonari.com\/it\/prodotto\/product-name-1\/","title":{"rendered":"Astera  Dolcevita da Donna"},"content":{"rendered":"<p>Il dolcevita \u00e8 un'aggiunta lussuosa ed elegante a qualsiasi armadio. Realizzato con le pi\u00f9 morbide e pregiate fibre di baby cashmere, questo maglione a collo alto offre una vestibilit\u00e0 comfy e cozy e allo stesso tempo trasmette eleganza e raffinatezza.<\/p>\n<p>100% Cashmere<\/p>","protected":false},"excerpt":{"rendered":"<p>Il dolcevita \u00e8 un'aggiunta lussuosa ed elegante a qualsiasi armadio. Realizzato con le pi\u00f9 morbide e pregiate fibre di baby cashmere, questo maglione a collo alto offre una vestibilit\u00e0 comfy e cozy e allo stesso tempo trasmette eleganza e raffinatezza.<\/p>\n<p>100% Cashmere<\/p>","protected":false},"featured_media":35535,"comment_status":"open","ping_status":"closed","template":"","meta":{"_monsterinsights_skip_tracking":false,"_monsterinsights_sitenote_active":false,"_monsterinsights_sitenote_note":"","_monsterinsights_sitenote_category":0},"product_brand":[],"product_cat":[265,143,78],"product_tag":[],"class_list":{"0":"post-29622","1":"product","2":"type-product","3":"status-publish","4":"has-post-thumbnail","6":"product_cat-fallwinter","7":"product_cat-knitwear","8":"product_cat-women","9":"qodef-position--below","11":"first","12":"instock","13":"shipping-taxable","14":"product-type-variable"},"acf":[],"aioseo_notices":[],"_links":{"self":[{"href":"https:\/\/loonari.com\/it\/wp-json\/wp\/v2\/product\/29622","targetHints":{"allow":["GET"]}}],"collection":[{"href":"https:\/\/loonari.com\/it\/wp-json\/wp\/v2\/product"}],"about":[{"href":"https:\/\/loonari.com\/it\/wp-json\/wp\/v2\/types\/product"}],"replies":[{"embeddable":true,"href":"https:\/\/loonari.com\/it\/wp-json\/wp\/v2\/comments?post=29622"}],"version-history":[{"count":5,"href":"https:\/\/loonari.com\/it\/wp-json\/wp\/v2\/product\/29622\/revisions"}],"predecessor-version":[{"id":35462,"href":"https:\/\/loonari.com\/it\/wp-json\/wp\/v2\/product\/29622\/revisions\/35462"}],"wp:featuredmedia":[{"embeddable":true,"href":"https:\/\/loonari.com\/it\/wp-json\/wp\/v2\/media\/35535"}],"wp:attachment":[{"href":"https:\/\/loonari.com\/it\/wp-json\/wp\/v2\/media?parent=29622"}],"wp:term":[{"taxonomy":"product_brand","embeddable":true,"href":"https:\/\/loonari.com\/it\/wp-json\/wp\/v2\/product_brand?post=29622"},{"taxonomy":"product_cat","embeddable":true,"href":"https:\/\/loonari.com\/it\/wp-json\/wp\/v2\/product_cat?post=29622"},{"taxonomy":"product_tag","embeddable":true,"href":"https:\/\/loonari.com\/it\/wp-json\/wp\/v2\/product_tag?post=29622"}],"curies":[{"name":"wp","href":"https:\/\/api.w.org\/{rel}","templated":true}]}}