{"id":29296,"date":"2021-10-19T03:06:44","date_gmt":"2021-10-19T03:06:44","guid":{"rendered":"https:\/\/wp.the4.co\/zero\/?post_type=product&#038;p=29296"},"modified":"2025-09-10T15:38:18","modified_gmt":"2025-09-10T12:38:18","slug":"product-name-5","status":"publish","type":"product","link":"https:\/\/loonari.com\/it\/prodotto\/product-name-5\/","title":{"rendered":"Toni  Men&#8217;s T-Shirt"},"content":{"rendered":"<p>Realizzate in cotone pregiato e leggero, le nostre magliette sono progettate per offrire un comfort e una traspirabilit\u00e0 imbattibili. Questo filato morbido e lussuoso \u00e8 delicato sulla pelle e rappresenta la scelta perfetta per chi d\u00e0 priorit\u00e0 al comfort e allo stile.<\/p>\n<p>100% Cotone<\/p>","protected":false},"excerpt":{"rendered":"<p>Crafted from premium, lightweight cotton, our t-shirts are designed to provide unbeatable comfort and breathability. This soft and luxurious yarn feels gentle against your skin, making it the perfect choice for those who prioritize comfort and style. 100% Cotton<\/p>","protected":false},"featured_media":36530,"comment_status":"open","ping_status":"closed","template":"","meta":{"_monsterinsights_skip_tracking":false,"_monsterinsights_sitenote_active":false,"_monsterinsights_sitenote_note":"","_monsterinsights_sitenote_category":0},"product_brand":[],"product_cat":[47,200],"product_tag":[],"class_list":{"0":"post-29296","1":"product","2":"type-product","3":"status-publish","4":"has-post-thumbnail","6":"product_cat-men","7":"product_cat-t-shirts-polo","8":"qodef-position--below","10":"first","11":"instock","12":"shipping-taxable","13":"product-type-variable"},"acf":[],"aioseo_notices":[],"_links":{"self":[{"href":"https:\/\/loonari.com\/it\/wp-json\/wp\/v2\/product\/29296","targetHints":{"allow":["GET"]}}],"collection":[{"href":"https:\/\/loonari.com\/it\/wp-json\/wp\/v2\/product"}],"about":[{"href":"https:\/\/loonari.com\/it\/wp-json\/wp\/v2\/types\/product"}],"replies":[{"embeddable":true,"href":"https:\/\/loonari.com\/it\/wp-json\/wp\/v2\/comments?post=29296"}],"version-history":[{"count":9,"href":"https:\/\/loonari.com\/it\/wp-json\/wp\/v2\/product\/29296\/revisions"}],"predecessor-version":[{"id":37662,"href":"https:\/\/loonari.com\/it\/wp-json\/wp\/v2\/product\/29296\/revisions\/37662"}],"wp:featuredmedia":[{"embeddable":true,"href":"https:\/\/loonari.com\/it\/wp-json\/wp\/v2\/media\/36530"}],"wp:attachment":[{"href":"https:\/\/loonari.com\/it\/wp-json\/wp\/v2\/media?parent=29296"}],"wp:term":[{"taxonomy":"product_brand","embeddable":true,"href":"https:\/\/loonari.com\/it\/wp-json\/wp\/v2\/product_brand?post=29296"},{"taxonomy":"product_cat","embeddable":true,"href":"https:\/\/loonari.com\/it\/wp-json\/wp\/v2\/product_cat?post=29296"},{"taxonomy":"product_tag","embeddable":true,"href":"https:\/\/loonari.com\/it\/wp-json\/wp\/v2\/product_tag?post=29296"}],"curies":[{"name":"wp","href":"https:\/\/api.w.org\/{rel}","templated":true}]}}