{"id":29289,"date":"2021-10-19T03:06:43","date_gmt":"2021-10-19T03:06:43","guid":{"rendered":"https:\/\/wp.the4.co\/zero\/?post_type=product&#038;p=29289"},"modified":"2025-09-01T10:56:01","modified_gmt":"2025-09-01T07:56:01","slug":"product-name-11","status":"publish","type":"product","link":"https:\/\/loonari.com\/it\/prodotto\/product-name-11\/","title":{"rendered":"Tiberio  Men&#8217;s Turtleneck"},"content":{"rendered":"<p>La combinazione di seta, cashmere e lana merino conferisce a questo maglione qualit\u00e0 eccezionali. La seta offre una lucentezza e una sensazione di morbidezza sulla pelle, mentre il cashmere offre una morbidezza e un calore impareggiabili. La lana merino aumenta il fattore calore, oltre a fornire un'eccellente traspirabilit\u00e0 e propriet\u00e0 di assorbimento dell'umidit\u00e0.<\/p>\n<p>30% Seta 30% Cashmere 40% Lana Merino<\/p>","protected":false},"excerpt":{"rendered":"<p>La combinazione di seta, cashmere e lana merino conferisce a questo maglione qualit\u00e0 eccezionali. La seta offre una lucentezza e una sensazione di morbidezza sulla pelle, mentre il cashmere offre una morbidezza e un calore impareggiabili. La lana merino aumenta il fattore calore, oltre a fornire un'eccellente traspirabilit\u00e0 e propriet\u00e0 di assorbimento dell'umidit\u00e0.<\/p>\n<p>30% Seta 30% Cashmere 40% Lana Merino<\/p>","protected":false},"featured_media":35337,"comment_status":"open","ping_status":"closed","template":"","meta":{"_monsterinsights_skip_tracking":false,"_monsterinsights_sitenote_active":false,"_monsterinsights_sitenote_note":"","_monsterinsights_sitenote_category":0},"product_brand":[],"product_cat":[190,194,47],"product_tag":[],"class_list":{"0":"post-29289","1":"product","2":"type-product","3":"status-publish","4":"has-post-thumbnail","6":"product_cat-fall-winter-en","7":"product_cat-knitewar","8":"product_cat-men","9":"qodef-position--below","11":"first","12":"instock","13":"shipping-taxable","14":"product-type-variable"},"acf":[],"aioseo_notices":[],"_links":{"self":[{"href":"https:\/\/loonari.com\/it\/wp-json\/wp\/v2\/product\/29289","targetHints":{"allow":["GET"]}}],"collection":[{"href":"https:\/\/loonari.com\/it\/wp-json\/wp\/v2\/product"}],"about":[{"href":"https:\/\/loonari.com\/it\/wp-json\/wp\/v2\/types\/product"}],"replies":[{"embeddable":true,"href":"https:\/\/loonari.com\/it\/wp-json\/wp\/v2\/comments?post=29289"}],"version-history":[{"count":6,"href":"https:\/\/loonari.com\/it\/wp-json\/wp\/v2\/product\/29289\/revisions"}],"predecessor-version":[{"id":35311,"href":"https:\/\/loonari.com\/it\/wp-json\/wp\/v2\/product\/29289\/revisions\/35311"}],"wp:featuredmedia":[{"embeddable":true,"href":"https:\/\/loonari.com\/it\/wp-json\/wp\/v2\/media\/35337"}],"wp:attachment":[{"href":"https:\/\/loonari.com\/it\/wp-json\/wp\/v2\/media?parent=29289"}],"wp:term":[{"taxonomy":"product_brand","embeddable":true,"href":"https:\/\/loonari.com\/it\/wp-json\/wp\/v2\/product_brand?post=29289"},{"taxonomy":"product_cat","embeddable":true,"href":"https:\/\/loonari.com\/it\/wp-json\/wp\/v2\/product_cat?post=29289"},{"taxonomy":"product_tag","embeddable":true,"href":"https:\/\/loonari.com\/it\/wp-json\/wp\/v2\/product_tag?post=29289"}],"curies":[{"name":"wp","href":"https:\/\/api.w.org\/{rel}","templated":true}]}}