{"id":31904,"date":"2023-10-20T22:13:33","date_gmt":"2023-10-20T19:13:33","guid":{"rendered":"https:\/\/loonari.com\/?page_id=31904"},"modified":"2025-02-06T15:06:22","modified_gmt":"2025-02-06T12:06:22","slug":"our-world","status":"publish","type":"page","link":"https:\/\/loonari.com\/it\/our-world\/","title":{"rendered":"Il Nostro Mondo"},"content":{"rendered":"<div data-elementor-type=\"wp-page\" data-elementor-id=\"31904\" class=\"elementor elementor-31904\" data-elementor-post-type=\"page\">\n\t\t\t\t\t\t<section data-particle_enable=\"false\" data-particle-mobile-disabled=\"false\" class=\"elementor-section elementor-top-section elementor-element elementor-element-f8c3c3a elementor-section-full_width elementor-section-height-default elementor-section-height-default\" data-id=\"f8c3c3a\" data-element_type=\"section\" data-e-type=\"section\" data-settings=\"{&quot;background_background&quot;:&quot;classic&quot;,&quot;sticky&quot;:&quot;top&quot;,&quot;sticky_offset&quot;:60,&quot;sticky_offset_tablet&quot;:52,&quot;sticky_on&quot;:[&quot;widescreen&quot;,&quot;desktop&quot;,&quot;laptop&quot;,&quot;tablet_extra&quot;,&quot;tablet&quot;,&quot;mobile_extra&quot;,&quot;mobile&quot;],&quot;sticky_effects_offset&quot;:0}\">\n\t\t\t\t\t\t<div class=\"elementor-container elementor-column-gap-default\">\n\t\t\t\t\t<div class=\"elementor-column elementor-col-100 elementor-top-column elementor-element elementor-element-60f61e1\" data-id=\"60f61e1\" data-element_type=\"column\" data-e-type=\"column\">\n\t\t\t<div class=\"elementor-widget-wrap elementor-element-populated\">\n\t\t\t\t\t\t<section data-particle_enable=\"false\" data-particle-mobile-disabled=\"false\" class=\"elementor-section elementor-inner-section elementor-element elementor-element-0cc657a elementor-section-full_width elementor-section-height-default elementor-section-height-default\" data-id=\"0cc657a\" data-element_type=\"section\" data-e-type=\"section\">\n\t\t\t\t\t\t<div class=\"elementor-container elementor-column-gap-default\">\n\t\t\t\t\t<div class=\"elementor-column elementor-col-100 elementor-inner-column elementor-element elementor-element-0ad2da4\" data-id=\"0ad2da4\" data-element_type=\"column\" data-e-type=\"column\">\n\t\t\t<div class=\"elementor-widget-wrap elementor-element-populated\">\n\t\t\t\t\t\t<div class=\"elementor-element elementor-element-918abe2 elementor-widget__width-initial elementor-widget elementor-widget-html\" data-id=\"918abe2\" data-element_type=\"widget\" data-e-type=\"widget\" data-widget_type=\"html.default\">\n\t\t\t\t<div class=\"elementor-widget-container\">\n\t\t\t\t\t<div id=\"progress-bar-container\">\n    <div id=\"progress-bar\"><\/div>\n<\/div>\t\t\t\t<\/div>\n\t\t\t\t<\/div>\n\t\t\t\t\t<\/div>\n\t\t<\/div>\n\t\t\t\t\t<\/div>\n\t\t<\/section>\n\t\t\t\t<div class=\"elementor-element elementor-element-fbda430 elementor-nav-menu__align-center elementor-nav-menu--dropdown-none our-world-menu ourRoadMenu elementor-widget__width-initial elementor-widget elementor-widget-nav-menu\" data-id=\"fbda430\" data-element_type=\"widget\" data-e-type=\"widget\" data-settings=\"{&quot;layout&quot;:&quot;horizontal&quot;,&quot;submenu_icon&quot;:{&quot;value&quot;:&quot;&lt;i class=\\&quot;fas fa-caret-down\\&quot;&gt;&lt;\\\/i&gt;&quot;,&quot;library&quot;:&quot;fa-solid&quot;}}\" data-widget_type=\"nav-menu.default\">\n\t\t\t\t<div class=\"elementor-widget-container\">\n\t\t\t\t\t\t\t\t<nav aria-label=\"Menu\" class=\"elementor-nav-menu--main elementor-nav-menu__container elementor-nav-menu--layout-horizontal e--pointer-text e--animation-none\">\n\t\t\t\t<ul id=\"menu-1-fbda430\" class=\"elementor-nav-menu\"><li class=\"menu-item menu-item-type-custom menu-item-object-custom menu-item-31754\"><a href=\"#ourStory\" class=\"elementor-item elementor-item-anchor\">La nostra Storia<\/a><\/li>\n<li class=\"menu-item menu-item-type-custom menu-item-object-custom menu-item-31755\"><a href=\"#ourStyleCodes\" class=\"elementor-item elementor-item-anchor\">Il nostro Style Code<\/a><\/li>\n<li class=\"menu-item menu-item-type-custom menu-item-object-custom menu-item-31756\"><a href=\"#ourMaterials\" class=\"elementor-item elementor-item-anchor\">I nostri Materiali<\/a><\/li>\n<\/ul>\t\t\t<\/nav>\n\t\t\t\t\t\t<nav class=\"elementor-nav-menu--dropdown elementor-nav-menu__container\" aria-hidden=\"true\">\n\t\t\t\t<ul id=\"menu-2-fbda430\" class=\"elementor-nav-menu\"><li class=\"menu-item menu-item-type-custom menu-item-object-custom menu-item-31754\"><a href=\"#ourStory\" class=\"elementor-item elementor-item-anchor\" tabindex=\"-1\">La nostra Storia<\/a><\/li>\n<li class=\"menu-item menu-item-type-custom menu-item-object-custom menu-item-31755\"><a href=\"#ourStyleCodes\" class=\"elementor-item elementor-item-anchor\" tabindex=\"-1\">Il nostro Style Code<\/a><\/li>\n<li class=\"menu-item menu-item-type-custom menu-item-object-custom menu-item-31756\"><a href=\"#ourMaterials\" class=\"elementor-item elementor-item-anchor\" tabindex=\"-1\">I nostri Materiali<\/a><\/li>\n<\/ul>\t\t\t<\/nav>\n\t\t\t\t\t\t<\/div>\n\t\t\t\t<\/div>\n\t\t\t\t\t<\/div>\n\t\t<\/div>\n\t\t\t\t\t<\/div>\n\t\t<\/section>\n\t\t\t\t<section data-particle_enable=\"false\" data-particle-mobile-disabled=\"false\" class=\"elementor-section elementor-top-section elementor-element elementor-element-dafce9c elementor-section-full_width elementor-section-height-default elementor-section-height-default\" data-id=\"dafce9c\" data-element_type=\"section\" data-e-type=\"section\" id=\"ourRoadContent\" data-settings=\"{&quot;background_background&quot;:&quot;classic&quot;}\">\n\t\t\t\t\t\t<div class=\"elementor-container elementor-column-gap-default\">\n\t\t\t\t\t<div class=\"elementor-column elementor-col-100 elementor-top-column elementor-element elementor-element-6622236\" data-id=\"6622236\" data-element_type=\"column\" data-e-type=\"column\">\n\t\t\t<div class=\"elementor-widget-wrap elementor-element-populated\">\n\t\t\t\t\t\t<section data-particle_enable=\"false\" data-particle-mobile-disabled=\"false\" class=\"elementor-section elementor-inner-section elementor-element elementor-element-bb04387 elementor-section-full_width elementor-section-height-default elementor-section-height-default\" data-id=\"bb04387\" data-element_type=\"section\" data-e-type=\"section\" id=\"ourStory\">\n\t\t\t\t\t\t<div class=\"elementor-container elementor-column-gap-default\">\n\t\t\t\t\t<div class=\"elementor-column elementor-col-50 elementor-inner-column elementor-element elementor-element-e8b4330 out-story-column\" data-id=\"e8b4330\" data-element_type=\"column\" data-e-type=\"column\">\n\t\t\t<div class=\"elementor-widget-wrap elementor-element-populated\">\n\t\t\t\t\t\t<div class=\"elementor-element elementor-element-8600a5e our-story-title elementor-widget elementor-widget-heading\" data-id=\"8600a5e\" data-element_type=\"widget\" data-e-type=\"widget\" data-widget_type=\"heading.default\">\n\t\t\t\t<div class=\"elementor-widget-container\">\n\t\t\t\t\t<h2 class=\"elementor-heading-title elementor-size-default\">La nostra Storia<\/h2>\t\t\t\t<\/div>\n\t\t\t\t<\/div>\n\t\t\t\t<div class=\"elementor-element elementor-element-1780baf our-story-text elementor-widget__width-initial elementor-widget elementor-widget-text-editor\" data-id=\"1780baf\" data-element_type=\"widget\" data-e-type=\"widget\" data-widget_type=\"text-editor.default\">\n\t\t\t\t<div class=\"elementor-widget-container\">\n\t\t\t\t\t\t\t\t\t<p>L\u2019Italia \u00e8 lusso nella semplicit\u00e0, un insieme di emozioni calde, fascino misterioso ed eleganza.<\/p><p>Strade strette che respirano l'arte, persone che si godono una tazza di cappuccino in un bar, passanti casuali...<\/p><p>Mr. Leo crossed the street and entered the small restaurant. Taking his seat by the window, he took off his overcoat and rolled up the sleeves of a light grey sweater. The waiter came in and unwittingly spilled wine on the guest's sweater. \n\u201cSir, give me your sweater and I'll bring you a similar but better one\u201d.<\/p><p>Il signor Leo attravers\u00f2 la strada ed entr\u00f2 nel piccolo ristorante. Sedendosi vicino alla finestra, si tolse il soprabito e si arrotol\u00f2 le maniche di un maglione grigio chiaro. Il cameriere entr\u00f2 e involontariamente vers\u00f2 del vino sul maglione dell'ospite.\n\u201cSignore, mi dia il Suo maglione e Gliene porter\u00f2 uno simile ma migliore\u201d.<\/p><p>Mr. Leo agreed, pulled off his sweater and handed it to the boy.\nNext day the boy handed him two bags: an old sweater, perfectly laundered, and another new one. Same colour, but with amazing soft yarn. \n\u201cSir, my grandfather has been knitting for many years, he has the best materials in the whole country\u201d.<\/p><p>Next day the boy\u00a0 handed him two bags: an old sweater, perfectly laundered, and another new one. Same colour, but with amazing soft yarn.<\/p><p>\u201cSir, my grandfather has been knitting for many years, he has the best materials in the whole country\u201d.<\/p><p>Mr. Leo asked the boy to order a few more sweaters. Sweaters of a mysterious grandfather from Italy served Mr. Leo faithfully. He wore them for many years and adored it.<\/p><p>A few years later, Mr. Leo died. The daughter of Mr. Leo kept a sweater of that very shade of grey as a keepsake from her father. And she decided to find the boy and his grandfather.<\/p><p>She went to Italy and met the boy in the same restaurant.<\/p><p>There were three people in the restaurant: the girl, boy and grandfather. The last toast was for the moon, which shone brightly in the window during that warm evening.<\/p><p>That evening Loonari was born\u2026<\/p>\t\t\t\t\t\t\t\t<\/div>\n\t\t\t\t<\/div>\n\t\t\t\t\t<\/div>\n\t\t<\/div>\n\t\t\t\t<div class=\"elementor-column elementor-col-50 elementor-inner-column elementor-element elementor-element-887243a out-story-column\" data-id=\"887243a\" data-element_type=\"column\" data-e-type=\"column\">\n\t\t\t<div class=\"elementor-widget-wrap elementor-element-populated\">\n\t\t\t\t\t\t<div class=\"elementor-element elementor-element-ed993c0 elementor-widget__width-initial elementor-widget elementor-widget-video\" data-id=\"ed993c0\" data-element_type=\"widget\" data-e-type=\"widget\" data-settings=\"{&quot;autoplay&quot;:&quot;yes&quot;,&quot;start&quot;:0,&quot;play_on_mobile&quot;:&quot;yes&quot;,&quot;loop&quot;:&quot;yes&quot;,&quot;video_type&quot;:&quot;hosted&quot;,&quot;controls&quot;:&quot;yes&quot;}\" data-widget_type=\"video.default\">\n\t\t\t\t<div class=\"elementor-widget-container\">\n\t\t\t\t\t\t\t<div class=\"e-hosted-video elementor-wrapper elementor-open-inline\">\n\t\t\t\t\t<video class=\"elementor-video\" src=\"https:\/\/loonari.com\/wp-content\/uploads\/2025\/02\/Loonari-compres.mp4\" autoplay=\"\" loop=\"\" controls=\"\" playsinline=\"\" controlslist=\"nodownload\" poster=\"https:\/\/loonari.com\/wp-content\/uploads\/2025\/02\/Capture.png\"><\/video>\n\t\t\t\t<\/div>\n\t\t\t\t\t\t<\/div>\n\t\t\t\t<\/div>\n\t\t\t\t\t<\/div>\n\t\t<\/div>\n\t\t\t\t\t<\/div>\n\t\t<\/section>\n\t\t\t\t<section data-particle_enable=\"false\" data-particle-mobile-disabled=\"false\" class=\"elementor-section elementor-inner-section elementor-element elementor-element-d7d26bb elementor-section-boxed elementor-section-height-default elementor-section-height-default\" data-id=\"d7d26bb\" data-element_type=\"section\" data-e-type=\"section\" id=\"ourStyleCodes\">\n\t\t\t\t\t\t<div class=\"elementor-container elementor-column-gap-default\">\n\t\t\t\t\t<div class=\"elementor-column elementor-col-50 elementor-inner-column elementor-element elementor-element-3cff44f\" data-id=\"3cff44f\" data-element_type=\"column\" data-e-type=\"column\">\n\t\t\t<div class=\"elementor-widget-wrap elementor-element-populated\">\n\t\t\t\t\t\t<div class=\"elementor-element elementor-element-ccc4708 elementor-widget elementor-widget-image\" data-id=\"ccc4708\" data-element_type=\"widget\" data-e-type=\"widget\" data-widget_type=\"image.default\">\n\t\t\t\t<div class=\"elementor-widget-container\">\n\t\t\t\t\t\t\t\t\t\t\t\t\t\t\t<img decoding=\"async\" src=\"https:\/\/loonari.com\/wp-content\/uploads\/elementor\/thumbs\/DSC03320-min-scaled-qyx9i6x6ulnc4xoizh4fhyhsxljx6hgbx339x466b4.jpg\" title=\"DSC03320-min\" alt=\"DSC03320-min\" loading=\"lazy\" \/>\t\t\t\t\t\t\t\t\t\t\t\t\t\t\t<\/div>\n\t\t\t\t<\/div>\n\t\t\t\t\t<\/div>\n\t\t<\/div>\n\t\t\t\t<div class=\"elementor-column elementor-col-50 elementor-inner-column elementor-element elementor-element-fa53709\" data-id=\"fa53709\" data-element_type=\"column\" data-e-type=\"column\">\n\t\t\t<div class=\"elementor-widget-wrap elementor-element-populated\">\n\t\t\t\t\t\t<div class=\"elementor-element elementor-element-1d5eac9 elementor-widget elementor-widget-heading\" data-id=\"1d5eac9\" data-element_type=\"widget\" data-e-type=\"widget\" data-widget_type=\"heading.default\">\n\t\t\t\t<div class=\"elementor-widget-container\">\n\t\t\t\t\t<h2 class=\"elementor-heading-title elementor-size-default\">Il nostro Style Code<\/h2>\t\t\t\t<\/div>\n\t\t\t\t<\/div>\n\t\t\t\t<div class=\"elementor-element elementor-element-d635a46 elementor-widget elementor-widget-text-editor\" data-id=\"d635a46\" data-element_type=\"widget\" data-e-type=\"widget\" data-widget_type=\"text-editor.default\">\n\t\t\t\t<div class=\"elementor-widget-container\">\n\t\t\t\t\t\t\t\t\t<ul><li>Loonari utilizza tessuti, filati e fili italiani di prima qualit\u00e0 e ha una missione incentrata sull'uomo e sul cliente.<\/li><li>Il marchio si distingue per i materiali, prodotti secondo la tradizione italiana con moderne soluzioni high-tech unite con amore e cura.<\/li><li>Una competente combinazione di nuove tecnologie e di un metodo collaudato nel tempo permette di ottenere prodotti che durano a lungo e che soddisfano il proprietario con una qualit\u00e0 dignitosa e un legame emotivo.<\/li><li>Loonari studia moda senza tempo e di qualit\u00e0, che ci consente di includere sia modelli classici che di tendenza nelle collezioni prodotte con materiali naturali soddisfacendo tutti i nostri clienti, condividendo il nostro amore e la nostra cura.<\/li><\/ul>\t\t\t\t\t\t\t\t<\/div>\n\t\t\t\t<\/div>\n\t\t\t\t\t<\/div>\n\t\t<\/div>\n\t\t\t\t\t<\/div>\n\t\t<\/section>\n\t\t\t\t<section data-particle_enable=\"false\" data-particle-mobile-disabled=\"false\" class=\"elementor-section elementor-inner-section elementor-element elementor-element-38e9da0 elementor-section-full_width elementor-section-height-default elementor-section-height-default\" data-id=\"38e9da0\" data-element_type=\"section\" data-e-type=\"section\">\n\t\t\t\t\t\t<div class=\"elementor-container elementor-column-gap-default\">\n\t\t\t\t\t<div class=\"elementor-column elementor-col-100 elementor-inner-column elementor-element elementor-element-3caeada\" data-id=\"3caeada\" data-element_type=\"column\" data-e-type=\"column\" id=\"ourMaterials\">\n\t\t\t<div class=\"elementor-widget-wrap elementor-element-populated\">\n\t\t\t\t\t\t<div class=\"elementor-element elementor-element-85fddd7 elementor-widget elementor-widget-heading\" data-id=\"85fddd7\" data-element_type=\"widget\" data-e-type=\"widget\" data-widget_type=\"heading.default\">\n\t\t\t\t<div class=\"elementor-widget-container\">\n\t\t\t\t\t<h2 class=\"elementor-heading-title elementor-size-default\">I nostri Materiali<\/h2>\t\t\t\t<\/div>\n\t\t\t\t<\/div>\n\t\t\t\t<div class=\"elementor-element elementor-element-0605a77 elementor-widget elementor-widget-eael-post-carousel\" data-id=\"0605a77\" data-element_type=\"widget\" data-e-type=\"widget\" data-settings=\"{&quot;items&quot;:{&quot;unit&quot;:&quot;px&quot;,&quot;size&quot;:3,&quot;sizes&quot;:[]},&quot;items_widescreen&quot;:{&quot;unit&quot;:&quot;px&quot;,&quot;size&quot;:&quot;&quot;,&quot;sizes&quot;:[]},&quot;items_laptop&quot;:{&quot;unit&quot;:&quot;px&quot;,&quot;size&quot;:&quot;&quot;,&quot;sizes&quot;:[]},&quot;items_tablet_extra&quot;:{&quot;unit&quot;:&quot;px&quot;,&quot;size&quot;:&quot;&quot;,&quot;sizes&quot;:[]},&quot;items_tablet&quot;:{&quot;unit&quot;:&quot;px&quot;,&quot;size&quot;:2,&quot;sizes&quot;:[]},&quot;items_mobile_extra&quot;:{&quot;unit&quot;:&quot;px&quot;,&quot;size&quot;:&quot;&quot;,&quot;sizes&quot;:[]},&quot;items_mobile&quot;:{&quot;unit&quot;:&quot;px&quot;,&quot;size&quot;:1,&quot;sizes&quot;:[]}}\" data-widget_type=\"eael-post-carousel.default\">\n\t\t\t\t<div class=\"elementor-widget-container\">\n\t\t\t\t\t        <div class=\"swiper-container-wrap eael-logo-carousel-wrap eael-post-grid-container eael-post-carousel-wrap eael-post-carousel-style-default\" id=\"eael-post-grid-0605a77\">\n            <div class=\"swiper-container swiper-8-lower eael-post-carousel eael-post-grid swiper-container-0605a77 eael-post-appender-0605a77\" data-pagination=\".swiper-pagination-0605a77\" data-arrow-next=\".swiper-button-next-0605a77\" data-arrow-prev=\".swiper-button-prev-0605a77\" data-items-mobile=\"1\" data-items-tablet=\"2\" data-items=\"3\" data-margin=\"10\" data-effect=\"slide\" data-speed=\"750\" data-autoplay=\"3000\" data-loop=\"1\" data-arrows=\"1\">\n                <div class=\"swiper-wrapper\">\n\t\t\t\t\t<div class=\"swiper-slide\"><article class=\"eael-grid-post eael-post-grid-column\">\n    <div class=\"eael-grid-post-holder\">\n        <div class=\"eael-grid-post-holder-inner\"><div class=\"eael-entry-media eael-entry-medianone\"><div class=\"eael-entry-overlay fade-in\"><i class=\"fas fa-long-arrow-alt-right\" aria-hidden=\"true\"><\/i><a href=\"https:\/\/loonari.com\/it\/materials\/cotone\/\"><\/a><\/div><div class=\"eael-entry-thumbnail\">\n                    <img decoding=\"async\" src=\"https:\/\/loonari.com\/wp-content\/uploads\/2023\/04\/Cotton1-1-1.jpg\" alt=\"\">\n                    <a href=\"https:\/\/loonari.com\/it\/materials\/cotone\/\"><\/a>\n                <\/div><\/div><\/div><\/div><\/article><\/div><div class=\"swiper-slide\"><article class=\"eael-grid-post eael-post-grid-column\">\n    <div class=\"eael-grid-post-holder\">\n        <div class=\"eael-grid-post-holder-inner\"><div class=\"eael-entry-media eael-entry-medianone\"><div class=\"eael-entry-overlay fade-in\"><i class=\"fas fa-long-arrow-alt-right\" aria-hidden=\"true\"><\/i><a href=\"https:\/\/loonari.com\/it\/materials\/linen\/\"><\/a><\/div><div class=\"eael-entry-thumbnail\">\n                    <img decoding=\"async\" src=\"https:\/\/loonari.com\/wp-content\/uploads\/2023\/02\/Linen1-1-2.jpg\" alt=\"\">\n                    <a href=\"https:\/\/loonari.com\/it\/materials\/linen\/\"><\/a>\n                <\/div><\/div><\/div><\/div><\/article><\/div><div class=\"swiper-slide\"><article class=\"eael-grid-post eael-post-grid-column\">\n    <div class=\"eael-grid-post-holder\">\n        <div class=\"eael-grid-post-holder-inner\"><div class=\"eael-entry-media eael-entry-medianone\"><div class=\"eael-entry-overlay fade-in\"><i class=\"fas fa-long-arrow-alt-right\" aria-hidden=\"true\"><\/i><a href=\"https:\/\/loonari.com\/it\/materials\/wool\/\"><\/a><\/div><div class=\"eael-entry-thumbnail\">\n                    <img decoding=\"async\" src=\"https:\/\/loonari.com\/wp-content\/uploads\/2023\/02\/Wool2-2.jpg\" alt=\"\">\n                    <a href=\"https:\/\/loonari.com\/it\/materials\/wool\/\"><\/a>\n                <\/div><\/div><\/div><\/div><\/article><\/div><div class=\"swiper-slide\"><article class=\"eael-grid-post eael-post-grid-column\">\n    <div class=\"eael-grid-post-holder\">\n        <div class=\"eael-grid-post-holder-inner\"><div class=\"eael-entry-media eael-entry-medianone\"><div class=\"eael-entry-overlay fade-in\"><i class=\"fas fa-long-arrow-alt-right\" aria-hidden=\"true\"><\/i><a href=\"https:\/\/loonari.com\/it\/materials\/silk\/\"><\/a><\/div><div class=\"eael-entry-thumbnail\">\n                    <img decoding=\"async\" src=\"https:\/\/loonari.com\/wp-content\/uploads\/2023\/02\/Silk2-3.jpg\" alt=\"\">\n                    <a href=\"https:\/\/loonari.com\/it\/materials\/silk\/\"><\/a>\n                <\/div><\/div><\/div><\/div><\/article><\/div><div class=\"swiper-slide\"><article class=\"eael-grid-post eael-post-grid-column\">\n    <div class=\"eael-grid-post-holder\">\n        <div class=\"eael-grid-post-holder-inner\"><div class=\"eael-entry-media eael-entry-medianone\"><div class=\"eael-entry-overlay fade-in\"><i class=\"fas fa-long-arrow-alt-right\" aria-hidden=\"true\"><\/i><a href=\"https:\/\/loonari.com\/it\/materials\/cashmere\/\"><\/a><\/div><div class=\"eael-entry-thumbnail\">\n                    <img decoding=\"async\" src=\"https:\/\/loonari.com\/wp-content\/uploads\/2023\/02\/Cashmere2-2.jpg\" alt=\"\">\n                    <a href=\"https:\/\/loonari.com\/it\/materials\/cashmere\/\"><\/a>\n                <\/div><\/div><\/div><\/div><\/article><\/div>                <\/div>\n            <\/div>\n            <div class=\"clearfix\"><\/div>\n\t\t\t\t\t\t            <!-- Add Arrows -->\n            <div class=\"swiper-button-next swiper-button-next-0605a77\">\n                <i class=\"fa fa-angle-right\"><\/i>\n            <\/div>\n            <div class=\"swiper-button-prev swiper-button-prev-0605a77\">\n                <i class=\"fa fa-angle-left\"><\/i>\n            <\/div>\n\t\t\t        <\/div>\n\t\t\t\t\t\t<\/div>\n\t\t\t\t<\/div>\n\t\t\t\t\t<\/div>\n\t\t<\/div>\n\t\t\t\t\t<\/div>\n\t\t<\/section>\n\t\t\t\t\t<\/div>\n\t\t<\/div>\n\t\t\t\t\t<\/div>\n\t\t<\/section>\n\t\t\t\t<\/div>","protected":false},"excerpt":{"rendered":"<p>OUR STORY Italy is luxury in simplicity, a set of warm emotions, mysterious charm and elegance. Narrow streets with the breath of art, people enjoying a cup of cappuccino in a cafe, random passers-by\u2026 Mr. Leo crossed the street and entered the small restaurant. Taking his seat by the window, he took off his overcoat [&hellip;]<\/p>","protected":false},"author":1,"featured_media":0,"parent":0,"menu_order":0,"comment_status":"closed","ping_status":"closed","template":"elementor_header_footer","meta":{"_monsterinsights_skip_tracking":false,"_monsterinsights_sitenote_active":false,"_monsterinsights_sitenote_note":"","_monsterinsights_sitenote_category":0,"footnotes":""},"class_list":["post-31904","page","type-page","status-publish","hentry"],"acf":[],"aioseo_notices":[],"_links":{"self":[{"href":"https:\/\/loonari.com\/it\/wp-json\/wp\/v2\/pages\/31904","targetHints":{"allow":["GET"]}}],"collection":[{"href":"https:\/\/loonari.com\/it\/wp-json\/wp\/v2\/pages"}],"about":[{"href":"https:\/\/loonari.com\/it\/wp-json\/wp\/v2\/types\/page"}],"author":[{"embeddable":true,"href":"https:\/\/loonari.com\/it\/wp-json\/wp\/v2\/users\/1"}],"replies":[{"embeddable":true,"href":"https:\/\/loonari.com\/it\/wp-json\/wp\/v2\/comments?post=31904"}],"version-history":[{"count":159,"href":"https:\/\/loonari.com\/it\/wp-json\/wp\/v2\/pages\/31904\/revisions"}],"predecessor-version":[{"id":38266,"href":"https:\/\/loonari.com\/it\/wp-json\/wp\/v2\/pages\/31904\/revisions\/38266"}],"wp:attachment":[{"href":"https:\/\/loonari.com\/it\/wp-json\/wp\/v2\/media?parent=31904"}],"curies":[{"name":"wp","href":"https:\/\/api.w.org\/{rel}","templated":true}]}}